{"id":14,"date":"2021-11-21T15:14:19","date_gmt":"2021-11-21T15:14:19","guid":{"rendered":"https:\/\/soparkutpanzio.ro\/?page_id=14"},"modified":"2023-05-14T17:08:42","modified_gmt":"2023-05-14T17:08:42","slug":"about","status":"publish","type":"page","link":"https:\/\/soparkutpanzio.ro\/?page_id=14","title":{"rendered":"R\u00f3lunk"},"content":{"rendered":"\t\t<div data-elementor-type=\"wp-page\" data-elementor-id=\"14\" class=\"elementor elementor-14\">\n\t\t\t\t\t\t\t\t\t<section class=\"elementor-section elementor-top-section elementor-element elementor-element-c8ddeb6 elementor-section-height-min-height elementor-section-boxed elementor-section-height-default elementor-section-items-middle\" data-id=\"c8ddeb6\" data-element_type=\"section\" data-settings=\"{&quot;background_background&quot;:&quot;classic&quot;}\">\n\t\t\t\t\t\t\t<div class=\"elementor-background-overlay\"><\/div>\n\t\t\t\t\t\t\t<div class=\"elementor-container elementor-column-gap-default\">\n\t\t\t\t\t<div class=\"elementor-column elementor-col-100 elementor-top-column elementor-element elementor-element-6a5337e\" data-id=\"6a5337e\" data-element_type=\"column\">\n\t\t\t<div class=\"elementor-widget-wrap elementor-element-populated\">\n\t\t\t\t\t\t\t\t<div class=\"elementor-element elementor-element-feefb6c elementor-widget elementor-widget-heading\" data-id=\"feefb6c\" data-element_type=\"widget\" data-widget_type=\"heading.default\">\n\t\t\t\t<div class=\"elementor-widget-container\">\n\t\t\t<style>\/*! elementor - v3.18.0 - 04-12-2023 *\/\n.elementor-heading-title{padding:0;margin:0;line-height:1}.elementor-widget-heading .elementor-heading-title[class*=elementor-size-]>a{color:inherit;font-size:inherit;line-height:inherit}.elementor-widget-heading .elementor-heading-title.elementor-size-small{font-size:15px}.elementor-widget-heading .elementor-heading-title.elementor-size-medium{font-size:19px}.elementor-widget-heading .elementor-heading-title.elementor-size-large{font-size:29px}.elementor-widget-heading .elementor-heading-title.elementor-size-xl{font-size:39px}.elementor-widget-heading .elementor-heading-title.elementor-size-xxl{font-size:59px}<\/style><h1 class=\"elementor-heading-title elementor-size-default\">R\u00f3lunk<\/h1>\t\t<\/div>\n\t\t\t\t<\/div>\n\t\t\t\t\t<\/div>\n\t\t<\/div>\n\t\t\t\t\t\t\t<\/div>\n\t\t<\/section>\n\t\t\t\t<section class=\"elementor-section elementor-top-section elementor-element elementor-element-034f786 elementor-section-boxed elementor-section-height-default elementor-section-height-default\" data-id=\"034f786\" data-element_type=\"section\">\n\t\t\t\t\t\t<div class=\"elementor-container elementor-column-gap-default\">\n\t\t\t\t\t<div class=\"elementor-column elementor-col-100 elementor-top-column elementor-element elementor-element-ba0c118\" data-id=\"ba0c118\" data-element_type=\"column\">\n\t\t\t<div class=\"elementor-widget-wrap elementor-element-populated\">\n\t\t\t\t\t\t\t\t<div class=\"elementor-element elementor-element-3dc998b elementor-widget elementor-widget-heading\" data-id=\"3dc998b\" data-element_type=\"widget\" data-widget_type=\"heading.default\">\n\t\t\t\t<div class=\"elementor-widget-container\">\n\t\t\t<h4 class=\"elementor-heading-title elementor-size-default\">Csendes, vadvir\u00e1gos erdei tiszt\u00e1son helyezkedik el a csal\u00e1dunk \u00e1ltal meg\u00e1lmodott Sop\u00e1rk\u00fat Lovas Panzi\u00f3 Homor\u00f3df\u00fcrd\u0151n, Hargita megy\u00e9ben. \nAmint r\u00e1t\u00e9rsz a panzi\u00f3hoz vezet\u0151 \u00fatra, a feny\u0151k illata \u00e9s a madarak \u00e9neke jelzi, hogy j\u00f3 \u00faton j\u00e1rsz. Igazi kikapcsol\u00f3d\u00e1st \u00e9s felt\u00f6lt\u0151d\u00e9st ny\u00fajt a n\u00e1lunk elt\u00f6lt\u00f6tt id\u0151 mindazok sz\u00e1m\u00e1ra, akik a csendre, \nterm\u00e9szetre v\u00e1gynak.\n<\/h4>\t\t<\/div>\n\t\t\t\t<\/div>\n\t\t\t\t<div class=\"elementor-element elementor-element-9fdb291 elementor-widget elementor-widget-image\" data-id=\"9fdb291\" data-element_type=\"widget\" data-widget_type=\"image.default\">\n\t\t\t\t<div class=\"elementor-widget-container\">\n\t\t\t<style>\/*! elementor - v3.18.0 - 04-12-2023 *\/\n.elementor-widget-image{text-align:center}.elementor-widget-image a{display:inline-block}.elementor-widget-image a img[src$=\".svg\"]{width:48px}.elementor-widget-image img{vertical-align:middle;display:inline-block}<\/style>\t\t\t\t\t\t\t\t\t\t\t\t<img fetchpriority=\"high\" decoding=\"async\" width=\"2560\" height=\"1116\" src=\"https:\/\/soparkutpanzio.ro\/wp-content\/uploads\/2023\/01\/IMG_0135-scaled.jpg\" class=\"attachment-full size-full wp-image-1511\" alt=\"\" srcset=\"https:\/\/soparkutpanzio.ro\/wp-content\/uploads\/2023\/01\/IMG_0135-scaled.jpg 2560w, https:\/\/soparkutpanzio.ro\/wp-content\/uploads\/2023\/01\/IMG_0135-300x131.jpg 300w, https:\/\/soparkutpanzio.ro\/wp-content\/uploads\/2023\/01\/IMG_0135-1024x447.jpg 1024w, https:\/\/soparkutpanzio.ro\/wp-content\/uploads\/2023\/01\/IMG_0135-768x335.jpg 768w, https:\/\/soparkutpanzio.ro\/wp-content\/uploads\/2023\/01\/IMG_0135-1536x670.jpg 1536w, https:\/\/soparkutpanzio.ro\/wp-content\/uploads\/2023\/01\/IMG_0135-2048x893.jpg 2048w\" sizes=\"(max-width: 2560px) 100vw, 2560px\" \/>\t\t\t\t\t\t\t\t\t\t\t\t\t\t\t<\/div>\n\t\t\t\t<\/div>\n\t\t\t\t\t<\/div>\n\t\t<\/div>\n\t\t\t\t\t\t\t<\/div>\n\t\t<\/section>\n\t\t\t\t<section class=\"elementor-section elementor-top-section elementor-element elementor-element-7dc395b elementor-section-boxed elementor-section-height-default elementor-section-height-default\" data-id=\"7dc395b\" data-element_type=\"section\">\n\t\t\t\t\t\t<div class=\"elementor-container elementor-column-gap-default\">\n\t\t\t\t\t<div class=\"elementor-column elementor-col-100 elementor-top-column elementor-element elementor-element-9d2764e\" data-id=\"9d2764e\" data-element_type=\"column\">\n\t\t\t<div class=\"elementor-widget-wrap elementor-element-populated\">\n\t\t\t\t\t\t\t\t<div class=\"elementor-element elementor-element-76c9623 elementor-widget elementor-widget-heading\" data-id=\"76c9623\" data-element_type=\"widget\" data-widget_type=\"heading.default\">\n\t\t\t\t<div class=\"elementor-widget-container\">\n\t\t\t<h4 class=\"elementor-heading-title elementor-size-default\">Az term\u00e9szet \u00e9rt\u00e9keit tiszteletbe tartva, harmonikusan beilleszkedik a t\u00e1jba a panzi\u00f3 udvar\u00e1n tal\u00e1lhat\u00f3 lovarda \u00e9s d\u00edszbaromfi udvar.\nA lovard\u00e1ban hat \"t\u00e1ltos\" l\u00f3val bebarangolhat\u00f3k a Hargita hegys\u00e9g vadreg\u00e9nyes t\u00e1jai.\nEg\u00e9sz \u00e9vben v\u00e1runk hagyom\u00e1nyos sz\u00e9kely vend\u00e9gszeretettel, vend\u00e9geket, bar\u00e1ti t\u00e1rsas\u00e1gokat, di\u00e1kcsoportokat.\n<\/h4>\t\t<\/div>\n\t\t\t\t<\/div>\n\t\t\t\t\t<\/div>\n\t\t<\/div>\n\t\t\t\t\t\t\t<\/div>\n\t\t<\/section>\n\t\t\t\t\t\t\t<\/div>\n\t\t","protected":false},"excerpt":{"rendered":"<p>R\u00f3lunk Csendes, vadvir\u00e1gos erdei tiszt\u00e1son helyezkedik el a csal\u00e1dunk \u00e1ltal meg\u00e1lmodott Sop\u00e1rk\u00fat Lovas Panzi\u00f3 Homor\u00f3df\u00fcrd\u0151n, Hargita megy\u00e9ben. Amint r\u00e1t\u00e9rsz a panzi\u00f3hoz vezet\u0151 \u00fatra, a feny\u0151k illata \u00e9s a madarak \u00e9neke jelzi, hogy j\u00f3 \u00faton j\u00e1rsz. Igazi kikapcsol\u00f3d\u00e1st \u00e9s felt\u00f6lt\u0151d\u00e9st ny\u00fajt a n\u00e1lunk elt\u00f6lt\u00f6tt id\u0151 mindazok sz\u00e1m\u00e1ra, akik a csendre, term\u00e9szetre v\u00e1gynak. Az term\u00e9szet \u00e9rt\u00e9keit tiszteletbe &hellip;<\/p>\n<p class=\"read-more\"> <a class=\"\" href=\"https:\/\/soparkutpanzio.ro\/?page_id=14\"> <span class=\"screen-reader-text\">R\u00f3lunk<\/span> Read More &raquo;<\/a><\/p>\n","protected":false},"author":1,"featured_media":0,"parent":0,"menu_order":0,"comment_status":"closed","ping_status":"closed","template":"","meta":{"site-sidebar-layout":"no-sidebar","site-content-layout":"page-builder","ast-global-header-display":"","ast-main-header-display":"","ast-hfb-above-header-display":"","ast-hfb-below-header-display":"","ast-hfb-mobile-header-display":"","site-post-title":"disabled","ast-breadcrumbs-content":"","ast-featured-img":"disabled","footer-sml-layout":"","theme-transparent-header-meta":"enabled","adv-header-id-meta":"","stick-header-meta":"","header-above-stick-meta":"","header-main-stick-meta":"","header-below-stick-meta":"","footnotes":""},"class_list":["post-14","page","type-page","status-publish","hentry"],"_links":{"self":[{"href":"https:\/\/soparkutpanzio.ro\/index.php?rest_route=\/wp\/v2\/pages\/14","targetHints":{"allow":["GET"]}}],"collection":[{"href":"https:\/\/soparkutpanzio.ro\/index.php?rest_route=\/wp\/v2\/pages"}],"about":[{"href":"https:\/\/soparkutpanzio.ro\/index.php?rest_route=\/wp\/v2\/types\/page"}],"author":[{"embeddable":true,"href":"https:\/\/soparkutpanzio.ro\/index.php?rest_route=\/wp\/v2\/users\/1"}],"replies":[{"embeddable":true,"href":"https:\/\/soparkutpanzio.ro\/index.php?rest_route=%2Fwp%2Fv2%2Fcomments&post=14"}],"version-history":[{"count":18,"href":"https:\/\/soparkutpanzio.ro\/index.php?rest_route=\/wp\/v2\/pages\/14\/revisions"}],"predecessor-version":[{"id":2166,"href":"https:\/\/soparkutpanzio.ro\/index.php?rest_route=\/wp\/v2\/pages\/14\/revisions\/2166"}],"wp:attachment":[{"href":"https:\/\/soparkutpanzio.ro\/index.php?rest_route=%2Fwp%2Fv2%2Fmedia&parent=14"}],"curies":[{"name":"wp","href":"https:\/\/api.w.org\/{rel}","templated":true}]}}